{"id":50,"date":"2007-06-14T02:55:13","date_gmt":"2007-06-14T01:55:13","guid":{"rendered":"http:\/\/www.palmerini.net\/blog\/?page_id=50"},"modified":"2011-05-21T17:10:04","modified_gmt":"2011-05-21T16:10:04","slug":"condanna-internazionale-dei-crimini-dei-regimi-totalitari-comunisti","status":"publish","type":"page","link":"https:\/\/palmerini.net\/blog\/documenti\/condanna-internazionale-dei-crimini-dei-regimi-totalitari-comunisti\/","title":{"rendered":"CONDANNA INTERNAZIONALE DEI CRIMINI DEI REGIMI TOTALITARI COMUNISTI"},"content":{"rendered":"<p>Risoluzione n. 1481  dell&#8217;Assemblea parlamentare del Consiglio d&#8217;Europa (25 gennaio 2006):  condanna dei crimini dei regimi comunisti europei.<\/p>\n<p>Le mie considerazioni del tempo ( articolo\u00a0 <a title=\"http:\/\/www.palmerini.net\/blog\/?page_id=50 \" href=\"..\/?page_id=50\">http:\/\/www.palmerini.net\/blog\/?page_id=49<\/a> )<\/p>\n<p>Versione orgininale\u00a0\u00a0 <a href=\"http:\/\/assembly.coe.int\/Mainf.asp?link=\/Documents\/AdoptedText\/ta06\/Eres1481.htm\">http:\/\/assembly.coe.int\/Mainf.asp?link=\/Documents\/AdoptedText\/ta06\/Eres1481.htm<\/a><\/p>\n<p>&#8212;&#8212;&#8212;&#8212;&#8212;&#8212;&#8212;&#8212;&#8212;&#8212;&#8212;&#8212;&#8212;&#8212;&#8212;&#8212;&#8212;&#8212;&#8212;&#8212;&#8212;&#8212;&#8212;&#8212;&#8212;&#8212;&#8212;&#8212;&#8211;<\/p>\n<p>1. L&#8217;Assemblea parlamentare fa riferimento alla sua Risoluzione 1096 (1996) sulle misure per smantellare l&#8217;eredit\u00e0 dei sistemi totalitari comunisti.<\/p>\n<p>2. I regimi totalitari comunisti che governarono nell&#8217;Europa Centrale ed Orientale nel secolo passato, e che sono tuttora al potere in molti Paesi del mondo, sono stati, senza ccezioni, caratterizzati da massicce violazioni dei diritti umani. Le violazioni hanno differito in funzione della cultura, del Paese e del periodo storico e hanno incluso assassini ed esecuzioni individuali e collettive, morti in campi di concentramento, fame, deportazioni, torture, lavoro in schiavit\u00f9 e altre forme di terrore fisico di massa, persecuzioni su base religosa o etnica, violazioni della libert\u00e0 di coscienza, pensiero e parola, della libert\u00e0 di stampa, e mancanza del pluralismo politico.<\/p>\n<p>3. I crimini sono stati giustificati in nome della teoria della lotta di classe e del principio della dittatura del proletariato. L&#8217;interpetazione di entrambi i principi hanno legittimato la &#8220;eliminazione&#8221; di popoli considerati nocivi alla costruzione di una nuova societ\u00e0 e, come tali, nemici dei regimi totalitari comunisti. Un vasto numero di vittime in ogni Paese coinvolto furono propri connazionali. Fu il caso particolarmente dei popoli dell&#8217;ex URSS che di gran lunga superarono altri popoli in termini di numero di vittime.<\/p>\n<p>4. L&#8217;Assemblea riconosce che, nonostante i crimini dei regimi totalitari comunisti, alcuni partiti comunisti europei hanno contribuito a conseguire la democrazia.<\/p>\n<p>5. La caduta dei regimi totalitari comunisti nell&#8217;Europa Centrale ed Orientale non \u00e8 stata seguita in tutti i casi da una inchiesta internazionale sui crimini da loro commessi. Inoltre, gli autori di questi crimini non sono stati portati in giudizio dalla comunit\u00e0 internazionale, come fu il caso dei crimini orribili commessi dal nazionalsocialismo.<\/p>\n<p>6. Conseguentemente, la coscienza pubblica dei crimini commessi dai regimi totalitari comunisti \u00e8 molto povera. I partiti comunisti sono legali e attivi in vari Paesi, anche se in molti casi non si sono distanziati dai crimini commessi nel passato dai regimi totalitari comunisti.<\/p>\n<p>7. L&#8217;Assemblea \u00e8 convinta che la coscienza della storia sia una delle precondizioni per evitare simili crimini nel futuro. Inoltre, la denuncia e la condanna morale dei crimini commessi svolge un importante ruolo nell&#8217;educazione delle giovani generazioni. la chiara posizione della comunit\u00e0 internazionale sul passato pu\u00f2 essere un riferimento per le sue azioni future.<\/p>\n<p>8. Inoltre, l&#8217;Assemblea ritiene che quelle vittime dei crimini commessi dai regimi totalitari comunisti che sono ancora vive e le loro famiglie, meritino simpatia, comprensione e riconoscenza per le loro sofferenze.<\/p>\n<p>9. I regimi totalitari comunisti sono tuttora attivi in vari Paesi del mondo ed i crimini continuano ad essere commessi. La percezione dell&#8217;interesse nazionale non dovrebbe prevenire i Paesi da una adeguata critica agli attuali regimi totalitari comunisti. L&#8217;Assemblea condanna con forza tutte quelle violazioni dei diritti umani.<\/p>\n<p>10. I dibattiti e le condanne che hanno avuto luogo da tempo a livello nazionale in vari stati membri del Consiglio d&#8217;Europa non possono dispensare la comunit\u00e0 internazionale da prendere una chiara posizione sui crimini commessi dai regimi totalitari comunisti. C&#8217;\u00e8 un obbligo morale a farlo senza ogni ulteriore ritardo.<\/p>\n<p>11. Il Consiglio d&#8217;Europa \u00e8 nella posizione per tale dibattito a livello internazionale. Tutti i Paesi europei ex comunisti, con l&#8217;eccezione della Bielorussia, sono oggi suoi membri e la protezione dei diritti umani e lo stato di diritto sono i valori fondamentali su cui si basano.<\/p>\n<p>12. Inoltre, l&#8217;Assemblea parlamentare condanna con forza le massicce violazioni dei diritti umani commesse dai regimi totalitari comunisti ed esprime simpatia, comprensione e riconoscenza alle vittime di tali crimini.<\/p>\n<p>13. Inoltre, richiama tutti i partiti comunisti o post-comunisti nei suoi Stati membri che non lo hanno gi\u00e0 fatto di valutare di nuovo la storia del comunismo e del proprio passato, di prendere chiaramente le distanze dai crimini commessi dai regimi totalitari comunisti e di condannarli senza alcuna ambiguit\u00e0.<\/p>\n<p>14. L&#8217;Assemblea ritiene che questa chiara posizione della comunit\u00e0 internazionale aprir\u00e0 la via alla riconciliazione. Inoltre, incoragger\u00e0 con fiducia gli storici di tutto il mondo a continuare le loro ricerche finalizzate a determinare ed a verificare oggettivamente quanto avvenuto.<\/p>\n","protected":false},"excerpt":{"rendered":"<p>Risoluzione n. 1481 dell&#8217;Assemblea parlamentare del Consiglio d&#8217;Europa (25 gennaio 2006): condanna dei crimini dei regimi comunisti europei. Le mie considerazioni del tempo ( articolo\u00a0 http:\/\/www.palmerini.net\/blog\/?page_id=49 ) Versione orgininale\u00a0\u00a0 http:\/\/assembly.coe.int\/Mainf.asp?link=\/Documents\/AdoptedText\/ta06\/Eres1481.htm &#8212;&#8212;&#8212;&#8212;&#8212;&#8212;&#8212;&#8212;&#8212;&#8212;&#8212;&#8212;&#8212;&#8212;&#8212;&#8212;&#8212;&#8212;&#8212;&#8212;&#8212;&#8212;&#8212;&#8212;&#8212;&#8212;&#8212;&#8212;&#8211; 1. L&#8217;Assemblea parlamentare fa riferimento alla sua Risoluzione 1096 (1996) sulle misure per smantellare l&#8217;eredit\u00e0 dei sistemi totalitari comunisti. 2. I regimi totalitari comunisti [&hellip;]<\/p>\n","protected":false},"author":292,"featured_media":0,"parent":51,"menu_order":0,"comment_status":"open","ping_status":"closed","template":"","meta":{"advanced_seo_description":"","jetpack_seo_html_title":"","jetpack_seo_noindex":false,"jetpack_post_was_ever_published":false,"footnotes":""},"class_list":["post-50","page","type-page","status-publish","hentry","has-post-title","has-post-date","has-post-category","has-post-tag","has-post-comment","has-post-author",""],"jetpack-related-posts":[],"jetpack_sharing_enabled":true,"jetpack_likes_enabled":true,"builder_content":"","_links":{"self":[{"href":"https:\/\/palmerini.net\/blog\/wp-json\/wp\/v2\/pages\/50","targetHints":{"allow":["GET"]}}],"collection":[{"href":"https:\/\/palmerini.net\/blog\/wp-json\/wp\/v2\/pages"}],"about":[{"href":"https:\/\/palmerini.net\/blog\/wp-json\/wp\/v2\/types\/page"}],"author":[{"embeddable":true,"href":"https:\/\/palmerini.net\/blog\/wp-json\/wp\/v2\/users\/292"}],"replies":[{"embeddable":true,"href":"https:\/\/palmerini.net\/blog\/wp-json\/wp\/v2\/comments?post=50"}],"version-history":[{"count":0,"href":"https:\/\/palmerini.net\/blog\/wp-json\/wp\/v2\/pages\/50\/revisions"}],"up":[{"embeddable":true,"href":"https:\/\/palmerini.net\/blog\/wp-json\/wp\/v2\/pages\/51"}],"wp:attachment":[{"href":"https:\/\/palmerini.net\/blog\/wp-json\/wp\/v2\/media?parent=50"}],"curies":[{"name":"wp","href":"https:\/\/api.w.org\/{rel}","templated":true}]}}