{"id":3968,"date":"2015-06-28T16:13:44","date_gmt":"2015-06-28T15:13:44","guid":{"rendered":"http:\/\/www.palmerini.net\/blog\/?page_id=3968"},"modified":"2017-06-25T11:46:44","modified_gmt":"2017-06-25T10:46:44","slug":"privacy-cookies","status":"publish","type":"page","link":"https:\/\/palmerini.net\/blog\/privacy-cookies\/","title":{"rendered":"Privacy &#038; Cookies"},"content":{"rendered":"<h3><strong>Testo informativa estesa sull&#8217;uso dei cookie<\/strong><\/h3>\n<p>(English version below)<\/p>\n<p><strong>Il presente documento fornisce informazioni sui cookies e tecnologie similari, e su come sono utilizzati dal sito, e come gestirli.<\/strong><\/p>\n<p>Questo sito web utilizza cookie tecnici per garantire il corretto funzionamento delle procedure e migliorare l&#8217;esperienza di uso delle applicazioni online, in alcuni casi usa anche cooking di profilazione per individualizzare i contenuti (anche pubblicitari) e migliorare l&#8217;esperienza complessiva dell&#8217;utente, tramite &#8220;terze parti&#8221;-<\/p>\n<p><strong>Definizioni<\/strong><\/p>\n<p>I cookie sono piccoli file di testo che i siti visitati dagli utenti inviano ai loro terminali, ove vengono memorizzati per essere poi ritrasmessi agli stessi siti alla visita successiva. I cookie delle c.d. &#8220;terze parti&#8221; vengono, invece, impostati da un sito web diverso da quello che l&#8217;utente sta visitando, perch\u00e9 alcuni elementi (immagini, suoni, links ad altri siti, prodotti da acquistare, sistemi di statistiche, funzioni ecc. ) possono provenire da altri siti.<\/p>\n<p><strong>Tipologie di cookie<\/strong><br \/>\nNel seguito ci si riferisce alle <a href=\"http:\/\/www.garanteprivacy.it\/web\/guest\/home\/docweb\/-\/docweb-display\/docweb\/3118884\">Modalit\u00e0<\/a> e al <a href=\"http:\/\/www.garanteprivacy.it\/web\/guest\/home\/docweb\/-\/docweb-display\/docweb\/1311248\">Codice<\/a> del <a href=\"http:\/\/www.garanteprivacy.it\/\">Garante della Privacy<\/a><br \/>\nIn base alle caratteristiche e all&#8217;utilizzo dei cookie si possono distinguere diverse categorie<\/p>\n<p>Cookie tecnici.<br \/>\nI cookie tecnici sono quelli utilizzati al solo fine di &#8220;effettuare la trasmissione di una comunicazione su una rete di comunicazione elettronica, o nella misura strettamente necessaria al fornitore di un servizio della societ\u00e0 dell&#8217;informazione esplicitamente richiesto dall&#8217;abbonato o dall&#8217;utente a erogare tale servizio&#8221; (cfr. art. 122, comma 1, del Codice). Essi non vengono utilizzati per scopi ulteriori e sono normalmente installati direttamente dal titolare o gestore del sito web. Possono essere suddivisi in cookie di navigazione o di sessione, che garantiscono la normale navigazione e fruizione del sito web; cookie analytics, assimilati ai cookie tecnici laddove utilizzati direttamente dal gestore del sito per raccogliere informazioni, in forma aggregata, sul numero degli utenti e su come questi visitano il sito stesso; cookie di funzionalit\u00e0, che permettono all&#8217;utente la navigazione in funzione di una serie di criteri selezionati al fine di migliorare il servizio reso allo stesso. Per l&#8217;installazione di tali cookie non \u00e8 richiesto il preventivo consenso degli utenti, mentre resta fermo l&#8217;obbligo di dare l&#8217;informativa ai sensi dell&#8217;art. 13 del Codice, che il gestore del sito, qualora utilizzi soltanto tali dispositivi, potr\u00e0 fornire con le modalit\u00e0 che ritiene pi\u00f9 idonee.<\/p>\n<p>Cookie di profilazione.<br \/>\nI cookie di profilazione sono volti a creare profili relativi all&#8217;utente e vengono utilizzati al fine di inviare messaggi pubblicitari in linea con le preferenze manifestate dallo stesso nell&#8217;ambito della navigazione in rete. In ragione della particolare invasivit\u00e0 che tali dispositivi possono avere nell&#8217;ambito della sfera privata degli utenti, la normativa europea e italiana prevede che l&#8217;utente debba essere adeguatamente informato sull&#8217;uso degli stessi ed esprimere cos\u00ec il proprio valido consenso. Ad essi si riferisce l&#8217;art. 122 del Codice laddove prevede che &#8220;l&#8217;archiviazione delle informazioni nell&#8217;apparecchio terminale di un contraente o di un utente o l&#8217;accesso a informazioni gi\u00e0 archiviate sono consentiti unicamente a condizione che il contraente o l&#8217;utente abbia espresso il proprio consenso dopo essere stato informato con le modalit\u00e0 semplificate di cui all&#8217;articolo 13, comma 3&#8221; (art. 122, comma 1, del Codice). Il presente sito non utilizza cookie di profilazione.<\/p>\n<p>Cookie di \u201cterze parti\u201d<br \/>\nVisitando il presente sito web si potrebbero ricevere cookie da siti gestiti da altre organizzazioni (\u201cterze parti\u201d). Un esempio \u00e8 rappresentato dalla presenza dei \u201csocial plugin\u201d per Facebook, Twitter, Google+ o LinkedIn, oppure sistemi di visualizzazione di contenuti multimediali embedded (integrati) come ad esempio Youtube, Vimeo o Flikr, oltre che plugin per il meteo. Si tratta di parti generate direttamente dai suddetti siti ed integrati nella pagina web del sito ospitante visitato. La presenza di questi plugin comporta la trasmissione di cookie da e verso tutti i siti gestiti da terze parti. La gestione delle informazioni raccolte da \u201cterze parti\u201d \u00e8 disciplinata dalle relative informative cui si prega di fare riferimento. Per garantire una maggiore trasparenza e comodit\u00e0, si riportano qui di seguito gli indirizzi web delle diverse informative e delle modalit\u00e0 per la gestione dei cookie.<\/p>\n<p>Amazon Privacy: https:\/\/www.amazon.it\/gp\/help\/customer\/display.html?nodeId=201909010<br \/>\nBing http:\/\/www.microsoft.com\/privacystatement\/it-it\/bingandmsn\/default.aspx<br \/>\nFacebook informativa: https:\/\/www.facebook.com\/help\/cookies\/<br \/>\nFlikr &#8211; Yahoo informativa http:\/\/info.yahoo.com\/privacy\/it\/yahoo\/cookies\/details.html<br \/>\nGoogle maps &#8211; Youtube &#8211; Google+ informativa: http:\/\/www.google.it\/intl\/it\/policies\/technologies\/cookies\/<br \/>\nLinkedin informativa: https:\/\/www.linkedin.com\/legal\/cookie-policy<br \/>\nPinterest informativa &#8211; configurazione https:\/\/about.pinterest.com\/it\/privacy-policy<br \/>\nTwitter informative: https:\/\/support.twitter.com\/articles\/20170514<br \/>\nVimeo informativa \u2013 configurazione https:\/\/vimeo.com\/cookie_policy<\/p>\n<p>Cookie analytics<br \/>\nIl sito pu\u00f2 avvalersi anche di componenti trasmesse da e verso Google Analytics (un servizio di analisi del traffico web fornito da Google Inc.) , Cloudflare (https:\/\/www.cloudflare.com\/) ed altri. Tali cookie sono usati al fine di monitorare e migliorare le prestazioni del sito ed i suoi contenuti in base alla navigazione dell&#8217;utente. Per ulteriori informazioni, si rinvia a ciascun sito.<\/p>\n<p>Gestione dei cookie<br \/>\nL&#8217;utente pu\u00f2 disabilitare in modo selettivo l&#8217;azione di questi cookies utilizzando un browser che abbia questa funzione, ma ci sono anche altri sistemi mezzi per la navigazione anonima. La disabilitazione utente dei cookie \u201cterze parti\u201d normalmente non pregiudica la generale navigabilit\u00e0, ma in alcuni casi il sito potrebbe risultare non navigabile o avere comportamenti imprevisti.<\/p>\n<p>Durata dei cookie<br \/>\nAlcuni cookie (cookie di sessione) restano attivi solo fino alla chiusura del browser o all&#8217;esecuzione dell\u2019eventuale comando di logout. Altri cookie \u201csopravvivono\u201d alla chiusura del browser e sono disponibili anche in successive visite dell&#8217;utente. Questi cookie sono detti persistenti e la loro durata \u00e8 fissata dal server al momento della loro creazione. In alcuni casi \u00e8 fissata una scadenza, in altri casi la durata \u00e8 illimitata.<\/p>\n<p>A titolo di esempio, in Firefox, attraverso il menu Strumenti-&gt;Opzioni-&gt;Privacy, \u00e8 possibile accedere ad un pannello di controllo dove \u00e8 possibile definire se accettare o meno i diversi tipi di cookie e procedere alla loro rimozione. In internet \u00e8 facilmente reperibile la documentazione su come impostare le regole di gestione dei cookies per il proprio browser, a titolo di esempio si riportano alcuni indirizzi relativi ai principali browser:<\/p>\n<p>Chrome: https:\/\/support.google.com\/chrome\/answer\/95647?hl=it<br \/>\nFirefox: https:\/\/support.mozilla.org\/it\/kb\/Gestione%20dei%20cookiehttps:\/\/support.mozilla.org\/it\/kb\/Gestione%20dei%20cookie<br \/>\nInternet Explorer: https:\/\/support.microsoft.com\/en-us\/help\/17442\/windows-internet-explorer-delete-manage-cookies<br \/>\nOpera: http:\/\/help.opera.com\/Windows\/10.00\/it\/cookies.html<br \/>\nSafari: http:\/\/support.apple.com\/kb\/HT1677?viewlocale=it_IT<\/p>\n<p>For a general survey on cookie see this sites:<br \/>\n<a href=\"http:\/\/wiht.link\/cookies_guidance\">http:\/\/wiht.link\/cookies_guidance<br \/>\n<\/a><a href=\"http:\/\/www.bobulous.org.uk\/misc\/third-party-cookies.html\">http:\/\/www.bobulous.org.uk\/misc\/third-party-cookies.html<\/a><\/p>\n<h1 style=\"text-align: center;\"><a href=\"https:\/\/www.palmerini.net\/blog\/\">OK www.palmerini.net !<\/a><\/h1>\n","protected":false},"excerpt":{"rendered":"<p>Testo informativa estesa sull&#8217;uso dei cookie (English version below) Il presente documento fornisce informazioni sui cookies e tecnologie similari, e su come sono utilizzati dal sito, e come gestirli. Questo sito web utilizza cookie tecnici per garantire il corretto funzionamento delle procedure e migliorare l&#8217;esperienza di uso delle applicazioni online, in alcuni casi usa anche [&hellip;]<\/p>\n","protected":false},"author":293,"featured_media":0,"parent":0,"menu_order":99,"comment_status":"open","ping_status":"closed","template":"","meta":{"advanced_seo_description":"","jetpack_seo_html_title":"","jetpack_seo_noindex":false,"jetpack_post_was_ever_published":false,"footnotes":""},"class_list":["post-3968","page","type-page","status-publish","hentry","has-post-title","has-post-date","has-post-category","has-post-tag","has-post-comment","has-post-author",""],"jetpack-related-posts":[],"jetpack_sharing_enabled":true,"jetpack_likes_enabled":true,"builder_content":"","_links":{"self":[{"href":"https:\/\/palmerini.net\/blog\/wp-json\/wp\/v2\/pages\/3968","targetHints":{"allow":["GET"]}}],"collection":[{"href":"https:\/\/palmerini.net\/blog\/wp-json\/wp\/v2\/pages"}],"about":[{"href":"https:\/\/palmerini.net\/blog\/wp-json\/wp\/v2\/types\/page"}],"author":[{"embeddable":true,"href":"https:\/\/palmerini.net\/blog\/wp-json\/wp\/v2\/users\/293"}],"replies":[{"embeddable":true,"href":"https:\/\/palmerini.net\/blog\/wp-json\/wp\/v2\/comments?post=3968"}],"version-history":[{"count":0,"href":"https:\/\/palmerini.net\/blog\/wp-json\/wp\/v2\/pages\/3968\/revisions"}],"wp:attachment":[{"href":"https:\/\/palmerini.net\/blog\/wp-json\/wp\/v2\/media?parent=3968"}],"curies":[{"name":"wp","href":"https:\/\/api.w.org\/{rel}","templated":true}]}}