{"id":3485,"date":"2014-03-12T16:16:06","date_gmt":"2014-03-12T15:16:06","guid":{"rendered":"http:\/\/www.palmerini.net\/blog\/?page_id=3485"},"modified":"2020-05-25T16:19:45","modified_gmt":"2020-05-25T15:19:45","slug":"degne-di-nota","status":"publish","type":"page","link":"https:\/\/palmerini.net\/blog\/degne-di-nota\/","title":{"rendered":"Degne di Nota"},"content":{"rendered":"<p>Chi \u00e8 e cosa ha fatto Loris Palmerini?<\/p>\n<p><a href=\"http:\/\/www.palmerini.net\/blog\/wp-content\/uploads\/2011\/01\/foto-loris2010.jpg\"><img loading=\"lazy\" decoding=\"async\" class=\"size-medium wp-image-1212 alignright\" src=\"http:\/\/www.palmerini.net\/blog\/wp-content\/uploads\/2011\/01\/foto-loris2010-300x279.jpg\" alt=\"foto-loris2010\" width=\"300\" height=\"279\" srcset=\"https:\/\/palmerini.net\/blog\/wp-content\/uploads\/2011\/01\/foto-loris2010-300x279.jpg 300w, https:\/\/palmerini.net\/blog\/wp-content\/uploads\/2011\/01\/foto-loris2010-1160x1081.jpg 1160w, https:\/\/palmerini.net\/blog\/wp-content\/uploads\/2011\/01\/foto-loris2010-1024x954.jpg 1024w, https:\/\/palmerini.net\/blog\/wp-content\/uploads\/2011\/01\/foto-loris2010.jpg 428w\" sizes=\"auto, (max-width: 300px) 100vw, 300px\" \/><\/a>Le pagine sotto riguardano specifiche tematiche importanti che ho sollevato e che effettivamente hanno contribuito al dibattito pubblico e alla presa di coscienza storica e politica. La mia storia \u00e8 molto lunga, fatta di 25 anni di battaglie per la legalit\u00e0, i diritti umani di tutti ma in particolare del popolo\u00a0 veneto. Ma non solo.\u00a0\u00a0<\/p>\n<p>Ho cominciato nel 1995 con una proposta politica che non ha avuto alcuna possibilit\u00e0 di realizzarsi perch\u00e9, come ho dimostrato nel <a href=\"https:\/\/www.palmerini.net\/dossier\/\" target=\"_blank\" rel=\"noopener noreferrer\">Dossier Brogli<\/a> le elezioni in Italia sono truccate e false, con la compliciti\u00e0 degli alti organi dello Stato ,\u00a0 moltissimi magistrati compresi.\u00a0<\/p>\n<p>Ho pagato molto le mie denunce, fino a venire picchiato dai Carabinieri nel 2002, cosa per la quale non c&#8217;\u00e8 stato nessun processo dato che c&#8217;erano molti testimoni dei fatti di violenza gratuita dei militari.<\/p>\n<p>Nel 2015 ho scritto il testo di una legge che \u00e8 stato approvato da diversi comuni del Veneto che l&#8217;hanno proposta al Consiglio Regionale del Veneto. Questa &#8220;iniziativa di legge degli enti locali&#8221; \u00e8 stata approvata oltre un anno dopo e non senza qualche avventuroso evento politico, ed \u00e8 oggi la legge n\u00b0 28 del 13 dicembre 2016. Questa legge della Regione Veneto riconosce al popolo veneto (di cui alla legge gi\u00e0 n-340 del 1971 e del nuovo statuto regionale) i diritti di &#8220;minoranza nazionale&#8221; sanciti dalla &#8220;Convenzione Quadro sulla protezione delle minoranze nazionali&#8221; del Consiglio d&#8217;Europa (ma legge gi\u00e0 pienamente resa esecutiva dalla legge statale n. 302 del 1997), e la Regione l&#8217;ha potuta emanare in virt\u00f9 della competenze esclusiva assegnata dalla Costituzione in maniera esclusiva ai sensi del comma 4 dell&#8217;art.117 Cost perch\u00e9 deliberava sulla materia delle &#8220;minoranze nazionali&#8221; che non \u00e8 elencata in essa.<\/p>\n<p>In altre parole, su iniziativa di legge di alcuni Comuni, la Regione ha esercitato una potest\u00e0 delegata per la quale ha riconosciuto ai Veneti l&#8217;applicabilit\u00e0 di una legge internazionale. Sembra semplice ma non lo \u00e8, anche perch\u00e9 si scopre che la Costituzione italia \u00e8 gi\u00e0 federale e il diritto internazionale rafforza le comunit\u00e0 locali e le nazioni minori. Infatti i Veneti ora, da Bergamo a Udine all&#8217;Istria e dovunque si possa dire &#8220;siamo veneti&#8221;, hanno un diritto speciale, sono una nazione senza Stato ma transfrontraliera, con numerosi diritti. Qauli ? Per farla semplice, ora i Veneti hanno il diritto allo stesso trattamento che ricevono i tedeschi del Sud Tirolo\/Alto Adige. Purtroppo, oltre alle enormi resistenze, ad oggi manca\u00a0la classe\u00a0dirigente ed il coraggio di attuare questa norma. Oggi rappresento <a href=\"https:\/\/www.veneta.link\" target=\"_blank\" rel=\"noopener noreferrer\">Aggregazione Veneta<\/a> che rende effettiva questa legge.<\/p>\n<p>Purtroppo nel 2018, l&#8217;avvocato &#8220;difensore&#8221;\u00a0 della legge, prof. Bertolissi, invece di difendere la legge e i diritti dei Veneti, in Corte Costituzionale ha dichiarato che &#8220;questa legge non serve a nulla&#8221;. E questo su mandato di Zaia (Presidente protetto della Regione Veneto) e della Giunta regionale, perch\u00e9 loro e Bertolissi avevano un dossier con 73 gravi violazione dei diritti fondamentali dei Veneti, per primo quello al riconoscimento della lingua Veneta, e sarebbe bastato rivendicare anche solo il diritto negato alla lingua veneta per salvare la legge. E&#8217; stata una operazione certamente voluta quella di far cancellare la legge.<\/p>\n<p>Nel sito trovate molte altre informazioni sulla mia storia.\u00a0<\/p>\n<p>Nel 2012 ho smascherato un danno erariale per circa 80 miliardi di Euro \/anno, che dimostrano che il governo ha provocato la crisi delle aziende e del lavoro per salvare le banche. La mia<a title=\"palmerini loris denuncia per la prima volta il danno erariale commesso dal governo Monti per indebitamento dello stato in maniera abusiva\" href=\"http:\/\/www.youtube.com\/watch?v=rK7t82FCSEw\" target=\"_blank\" rel=\"noopener noreferrer\"> primogenitura \u00e8 dimostrata da questo video <\/a>.Tuttavia ho erroneamente cercato l&#8217;aiuto di diversi partiti, e solo nel febbraio 2014 mi sono deciso a diffondere 20.000 email e 30.000 pagine sui social network per denunciare \u00a0<a href=\"http:\/\/www.palmerini.net\/blog\/240-miliardi-di-euro-buttati-dal-governo-la-crisi-e-provocata\/\">240 miliardi di Euro buttati dal Governo, la crisi \u00e8 provocata<\/a>\u00a0. Dal 13 febbraio, data della mia denuncia televisiva e in rete, lo &#8220;spread&#8221; \u00e8 sceso sotto i livelli minimi storici, e senza alcuna buona ragione (i dati sull&#8217;Italia sono pessimi, i peggiori di sempre) e lo stesso Renzi paventa risparmi per molti miliardi sugli interessi pubblici.<\/p>\n<p>Nel 2012, grazie ad una\u00a0<a href=\"http:\/\/www.palmerini.net\/blog\/wp-content\/uploads\/2014\/03\/delibera-Comune-Limena-PD-n-185-che-richiede-il-referendum-consultivo-contro-la-cancellezione-delle-province-.pdf\">delibera del Comune di Limena (PD) che richiedeva il referendum consultivo contro la cancellazione delle province<\/a>,\u00a0abbiamo bloccato la cancellazione delle province in quanto incostituzionale ed in violazione della Carta sull&#8217;Autogoverno del Consiglio d&#8217;Europa. La incostituzionalit\u00e0 di quanto tentato da Monti, Berlusconi, Casini e firmata da Napolitano \u00e8 stata <a href=\"http:\/\/www.palmerini.net\/blog\/province-salvate-ecco-la-vera-storia-monti-si-deve-dimettere\/\">confermata dalla Corte Costituzionale <\/a>. Il Consiglio d&#8217;Europa nel 2017 ha chiesto all&#8217;Italia di ripristinare le elezioni provinciali.<\/p>\n<p>Nel 2011 ho dimostrato che il referendum cosiddetto &#8220;sull&#8217;acqua&#8221;, qualora avesse vinto in realt\u00e0 permetteva per la prima volta la privatizzazione della propriet\u00e0 dei servizi pubblici e dell&#8217;acqua fino a quel momento garantita pubblica dalla legge (il contrario di quanto sostenevano le sinistre) e che comunque le privatizzazioni della gestione del servizio si sarebbe fatta perch\u00e9 imposta da norme europee. Infatti,\u00a0\u00a0il referendum del 2011 ha detto &#8220;no&#8221; alla privatizzazione (almeno secondo i proponenti), eppure, \u00a0 dal 2012 stanno privatizzando le aziende pubbliche di acqua, trasporti ecc ? Come mai Semplice, ERA UNA TRUFFA CHE SERVIVA A PRIVATIZZARE, COME <a title=\"Referendum acqua 2011, truffa organizzata per svendere il bene comune\" href=\"http:\/\/www.palmerini.net\/blog\/sintesi-sul-referendu-1-perche-non-votarlo\/\" target=\"_blank\" rel=\"noopener noreferrer\">HO SPIEGATO QUI<\/a><\/p>\n<p>Nel novembre 2012 <a title=\"referendum veneto indipendente illegale, indipendenza veneta truffa politica, veneti indipendenti,morosin, cantarutti,zaia \" href=\"http:\/\/www.lulu.com\/it\/it\/shop\/loris-palmerini\/il-referendum-che-non-si-pu%C3%B2-fare\/ebook\/product-20536858.html\">ho pubblicato un ebook per dimostrare che il referendum per l&#8217;indipendenza del Veneto \u00e8 illegale per il diritto sia interno che internazionale<\/a>, <a title=\"lo statuto della regione veneto vieta il referendum anche consultivo sull'indipendenza della regione\" href=\"http:\/\/www.palmerini.net\/blog\/lo-statuto-del-veneto-vieta-il-referendum-consultivo-sullindipendenza\/\" target=\"_blank\" rel=\"noopener noreferrer\">per poi nel 2013 ulteriormente dimostrare che la regione veneto non pu\u00f2 indire alcun referendum per l&#8217;indipendenza nemmeno consultivo perch\u00e9 vietato dal nuovo statuto regionale del 2012<\/a><\/p>\n<p>Nel 2007 ho dimostrato che con\u00a0<a href=\"http:\/\/www.palmerini.net\/blog\/le-prove-che-il-referendum-del-1946-e-nullo\/\">Le prove che il Referendum del 1946 \u00e8 nullo<\/a>, pubblicando anche un libro di grande valore storico (fino ad allora si parlava solo di broglio, mentre io <a href=\"http:\/\/www.amazon.it\/Repubblica-mai-nata-Loris-Palmerini\/dp\/1291197575\" target=\"_blank\" rel=\"noopener noreferrer\">ho dimostrato la illegalit\u00e0 ed invalidit\u00e0 del referendum del 1946)<\/a><\/p>\n<p>Nel 2006 ho dimostrato che l&#8217;annessione del Lombardo-Veneto del 1866 \u00e8 legalmente non valida , ossia che<a title=\"Plebiscito lombardia e veneto del 1866 illegale e nullo\" href=\"http:\/\/www.palmerini.net\/blog\/l-italia-e-occupante-abusivo-del-lombardo-veneto\/\" target=\"_blank\" rel=\"noopener noreferrer\"> l&#8217;Italia \u00e8 un occupante abusivo del Lombardo-Veneto<\/a>\u00a0, arrivando <a title=\"sentenza venezia 2008 difetto assoluto giurisdizione italiana sul lombardo-veneto (lombardia, venezie, veneto, friuli, giulia)\" href=\"http:\/\/www.palmerini.net\/blog\/la-prova-che-lo-stato-veneto-esiste-ed-e-sovrano\/\" target=\"_blank\" rel=\"noopener noreferrer\">nel 2008 ad ottenere una sentenza del Tribunale di Venezia che mette in dubbio la giurisdizione dell&#8217;Italia sullo stesso .<\/a><\/p>\n<p>In precedenza ho lavorato per i diritti dei cittadini e del popolo veneto.<\/p>\n<!--themify_builder_content-->\n<div id=\"themify_builder_content-3485\" data-postid=\"3485\" class=\"themify_builder_content themify_builder_content-3485 themify_builder tf_clear\">\n    <\/div>\n<!--\/themify_builder_content-->\n\n\n<p><\/p>","protected":false},"excerpt":{"rendered":"<p>Chi \u00e8 e cosa ha fatto Loris Palmerini? Le pagine sotto riguardano specifiche tematiche importanti che ho sollevato e che effettivamente hanno contribuito al dibattito pubblico e alla presa di coscienza storica e politica. La mia storia \u00e8 molto lunga, fatta di 25 anni di battaglie per la legalit\u00e0, i diritti umani di tutti ma [&hellip;]<\/p>\n","protected":false},"author":293,"featured_media":0,"parent":0,"menu_order":0,"comment_status":"open","ping_status":"closed","template":"","meta":{"advanced_seo_description":"","jetpack_seo_html_title":"","jetpack_seo_noindex":false,"jetpack_post_was_ever_published":false,"footnotes":""},"class_list":["post-3485","page","type-page","status-publish","hentry","has-post-title","has-post-date","has-post-category","has-post-tag","has-post-comment","has-post-author",""],"jetpack-related-posts":[],"jetpack_sharing_enabled":true,"jetpack_likes_enabled":true,"builder_content":"","_links":{"self":[{"href":"https:\/\/palmerini.net\/blog\/wp-json\/wp\/v2\/pages\/3485","targetHints":{"allow":["GET"]}}],"collection":[{"href":"https:\/\/palmerini.net\/blog\/wp-json\/wp\/v2\/pages"}],"about":[{"href":"https:\/\/palmerini.net\/blog\/wp-json\/wp\/v2\/types\/page"}],"author":[{"embeddable":true,"href":"https:\/\/palmerini.net\/blog\/wp-json\/wp\/v2\/users\/293"}],"replies":[{"embeddable":true,"href":"https:\/\/palmerini.net\/blog\/wp-json\/wp\/v2\/comments?post=3485"}],"version-history":[{"count":0,"href":"https:\/\/palmerini.net\/blog\/wp-json\/wp\/v2\/pages\/3485\/revisions"}],"wp:attachment":[{"href":"https:\/\/palmerini.net\/blog\/wp-json\/wp\/v2\/media?parent=3485"}],"curies":[{"name":"wp","href":"https:\/\/api.w.org\/{rel}","templated":true}]}}